{"id":2432,"date":"2026-04-13T10:46:24","date_gmt":"2026-04-13T15:46:24","guid":{"rendered":"https:\/\/congresonaturgas.com.co\/?page_id=2432"},"modified":"2026-04-14T10:15:43","modified_gmt":"2026-04-14T15:15:43","slug":"mapa","status":"publish","type":"page","link":"https:\/\/congresonaturgas.com.co\/en\/mapa\/","title":{"rendered":"Mapa"},"content":{"rendered":"<div data-elementor-type=\"wp-page\" data-elementor-id=\"2432\" class=\"elementor elementor-2432\" data-elementor-post-type=\"page\">\n\t\t\t\t<div class=\"elementor-element elementor-element-bdefe09 e-con-full e-flex e-con e-parent\" data-id=\"bdefe09\" data-element_type=\"container\" data-e-type=\"container\" data-settings=\"{&quot;background_background&quot;:&quot;gradient&quot;}\">\n\t\t\t\t<\/div>\n\t\t<div class=\"elementor-element elementor-element-ae1468a e-con-full e-flex e-con e-parent\" data-id=\"ae1468a\" data-element_type=\"container\" data-e-type=\"container\">\n\t\t<div class=\"elementor-element elementor-element-9d16426 e-con-full e-flex e-con e-child\" data-id=\"9d16426\" data-element_type=\"container\" data-e-type=\"container\">\n\t\t<div class=\"elementor-element elementor-element-7f2f5ed e-con-full e-flex elementor-invisible e-con e-child\" data-id=\"7f2f5ed\" data-element_type=\"container\" data-e-type=\"container\" data-settings=\"{&quot;background_background&quot;:&quot;gradient&quot;,&quot;animation&quot;:&quot;fadeIn&quot;,&quot;animation_delay&quot;:100}\">\n\t\t<div class=\"elementor-element elementor-element-4beed92 e-con-full e-flex e-con e-child\" data-id=\"4beed92\" data-element_type=\"container\" data-e-type=\"container\" data-settings=\"{&quot;background_background&quot;:&quot;classic&quot;}\">\n\t\t\t\t<div class=\"elementor-element elementor-element-5a2059a elementor-widget elementor-widget-heading\" data-id=\"5a2059a\" data-element_type=\"widget\" data-e-type=\"widget\" data-widget_type=\"heading.default\">\n\t\t\t\t\t<h2 class=\"elementor-heading-title elementor-size-default\">Event Map<\/h2>\t\t\t\t<\/div>\n\t\t\t\t<\/div>\n\t\t\t\t<\/div>\n\t\t\t\t<\/div>\n\t\t<div class=\"elementor-element elementor-element-6abdf5a e-con-full e-flex e-con e-child\" data-id=\"6abdf5a\" data-element_type=\"container\" data-e-type=\"container\">\n\t\t\t\t<div class=\"elementor-element elementor-element-94c8966 elementor-widget elementor-widget-text-editor\" data-id=\"94c8966\" data-element_type=\"widget\" data-e-type=\"widget\" data-widget_type=\"text-editor.default\">\n\t\t\t\t\t\t\t\t\t<p>This map is your guide to navigating the Naturgas 2026 Conference and easily locating each key area. <strong>Here you can plan your itinerary and connect with the areas where the industry\u2019s most relevant discussions are taking place.<\/strong> From the conference hall to the networking and innovation areas, every space is designed to facilitate the exchange of knowledge and the formation of partnerships. More than just a physical layout, this map allows you to navigate an environment where natural gas plays a central role in the country\u2019s development and progress.<\/p>\t\t\t\t\t\t\t\t<\/div>\n\t\t\t\t<\/div>\n\t\t<div class=\"elementor-element elementor-element-d5ed953 e-con-full e-flex e-con e-child\" data-id=\"d5ed953\" data-element_type=\"container\" data-e-type=\"container\">\n\t\t\t\t<div class=\"elementor-element elementor-element-09d7016 elementor-widget elementor-widget-image\" data-id=\"09d7016\" data-element_type=\"widget\" data-e-type=\"widget\" data-widget_type=\"image.default\">\n\t\t\t\t\t\t\t\t\t\t\t\t\t\t\t<img fetchpriority=\"high\" decoding=\"async\" width=\"2450\" height=\"2146\" src=\"https:\/\/congresonaturgas.com.co\/wp-content\/uploads\/2026\/04\/Mapa-Congreso-naturgas-scaled-e1776095913957.jpg\" class=\"attachment-full size-full wp-image-2439\" alt=\"\" srcset=\"https:\/\/congresonaturgas.com.co\/wp-content\/uploads\/2026\/04\/Mapa-Congreso-naturgas-scaled-e1776095913957.jpg 2450w, https:\/\/congresonaturgas.com.co\/wp-content\/uploads\/2026\/04\/Mapa-Congreso-naturgas-scaled-e1776095913957-300x263.jpg 300w, https:\/\/congresonaturgas.com.co\/wp-content\/uploads\/2026\/04\/Mapa-Congreso-naturgas-scaled-e1776095913957-1024x897.jpg 1024w, https:\/\/congresonaturgas.com.co\/wp-content\/uploads\/2026\/04\/Mapa-Congreso-naturgas-scaled-e1776095913957-768x673.jpg 768w, https:\/\/congresonaturgas.com.co\/wp-content\/uploads\/2026\/04\/Mapa-Congreso-naturgas-scaled-e1776095913957-1536x1345.jpg 1536w, https:\/\/congresonaturgas.com.co\/wp-content\/uploads\/2026\/04\/Mapa-Congreso-naturgas-scaled-e1776095913957-2048x1794.jpg 2048w, https:\/\/congresonaturgas.com.co\/wp-content\/uploads\/2026\/04\/Mapa-Congreso-naturgas-scaled-e1776095913957-14x12.jpg 14w\" sizes=\"(max-width: 2450px) 100vw, 2450px\" \/>\t\t\t\t\t\t\t\t\t\t\t\t\t\t\t<\/div>\n\t\t\t\t<\/div>\n\t\t\t\t<\/div>\n\t\t\t\t<\/div>","protected":false},"excerpt":{"rendered":"<p>Mapa del evento Este mapa es tu gu\u00eda para recorrer el Congreso Naturgas 2026 y ubicar f\u00e1cilmente cada espacio clave. Aqu\u00ed podr\u00e1s planear tu recorrido y conectar con las zonas donde suceden las conversaciones m\u00e1s relevantes del sector. Desde el sal\u00f3n acad\u00e9mico hasta las \u00e1reas de networking e innovaci\u00f3n, cada punto est\u00e1 dise\u00f1ado para facilitar [&hellip;]<\/p>\n","protected":false},"author":1,"featured_media":0,"parent":0,"menu_order":0,"comment_status":"closed","ping_status":"closed","template":"elementor_header_footer","meta":{"footnotes":""},"class_list":["post-2432","page","type-page","status-publish","hentry"],"yoast_head":"<!-- This site is optimized with the Yoast SEO plugin v27.4 - https:\/\/yoast.com\/product\/yoast-seo-wordpress\/ -->\n<title>Mapa - Congreso Naturgas 2026<\/title>\n<meta name=\"robots\" content=\"index, follow, max-snippet:-1, max-image-preview:large, max-video-preview:-1\" \/>\n<link rel=\"canonical\" href=\"https:\/\/congresonaturgas.com.co\/en\/mapa\/\" \/>\n<meta property=\"og:locale\" content=\"en_US\" \/>\n<meta property=\"og:type\" content=\"article\" \/>\n<meta property=\"og:title\" content=\"Mapa - Congreso Naturgas 2026\" \/>\n<meta property=\"og:description\" content=\"Mapa del evento Este mapa es tu gu\u00eda para recorrer el Congreso Naturgas 2026 y ubicar f\u00e1cilmente cada espacio clave. Aqu\u00ed podr\u00e1s planear tu recorrido y conectar con las zonas donde suceden las conversaciones m\u00e1s relevantes del sector. Desde el sal\u00f3n acad\u00e9mico hasta las \u00e1reas de networking e innovaci\u00f3n, cada punto est\u00e1 dise\u00f1ado para facilitar [&hellip;]\" \/>\n<meta property=\"og:url\" content=\"https:\/\/congresonaturgas.com.co\/en\/mapa\/\" \/>\n<meta property=\"og:site_name\" content=\"Congreso Naturgas 2026\" \/>\n<meta property=\"article:modified_time\" content=\"2026-04-14T15:15:43+00:00\" \/>\n<meta property=\"og:image\" content=\"https:\/\/congresonaturgas.com.co\/wp-content\/uploads\/2026\/04\/Mapa-Congreso-naturgas-scaled-e1776095913957.jpg\" \/>\n\t<meta property=\"og:image:width\" content=\"2450\" \/>\n\t<meta property=\"og:image:height\" content=\"2146\" \/>\n\t<meta property=\"og:image:type\" content=\"image\/jpeg\" \/>\n<meta name=\"twitter:card\" content=\"summary_large_image\" \/>\n<meta name=\"twitter:label1\" content=\"Est. reading time\" \/>\n\t<meta name=\"twitter:data1\" content=\"1 minute\" \/>\n<script type=\"application\/ld+json\" class=\"yoast-schema-graph\">{\"@context\":\"https:\\\/\\\/schema.org\",\"@graph\":[{\"@type\":\"WebPage\",\"@id\":\"https:\\\/\\\/congresonaturgas.com.co\\\/mapa\\\/\",\"url\":\"https:\\\/\\\/congresonaturgas.com.co\\\/mapa\\\/\",\"name\":\"Mapa - Congreso Naturgas 2026\",\"isPartOf\":{\"@id\":\"https:\\\/\\\/congresonaturgas.com.co\\\/#website\"},\"primaryImageOfPage\":{\"@id\":\"https:\\\/\\\/congresonaturgas.com.co\\\/mapa\\\/#primaryimage\"},\"image\":{\"@id\":\"https:\\\/\\\/congresonaturgas.com.co\\\/mapa\\\/#primaryimage\"},\"thumbnailUrl\":\"https:\\\/\\\/congresonaturgas.com.co\\\/wp-content\\\/uploads\\\/2026\\\/04\\\/Mapa-Congreso-naturgas-scaled-e1776095913957.jpg\",\"datePublished\":\"2026-04-13T15:46:24+00:00\",\"dateModified\":\"2026-04-14T15:15:43+00:00\",\"breadcrumb\":{\"@id\":\"https:\\\/\\\/congresonaturgas.com.co\\\/mapa\\\/#breadcrumb\"},\"inLanguage\":\"en-US\",\"potentialAction\":[{\"@type\":\"ReadAction\",\"target\":[\"https:\\\/\\\/congresonaturgas.com.co\\\/mapa\\\/\"]}]},{\"@type\":\"ImageObject\",\"inLanguage\":\"en-US\",\"@id\":\"https:\\\/\\\/congresonaturgas.com.co\\\/mapa\\\/#primaryimage\",\"url\":\"https:\\\/\\\/congresonaturgas.com.co\\\/wp-content\\\/uploads\\\/2026\\\/04\\\/Mapa-Congreso-naturgas-scaled-e1776095913957.jpg\",\"contentUrl\":\"https:\\\/\\\/congresonaturgas.com.co\\\/wp-content\\\/uploads\\\/2026\\\/04\\\/Mapa-Congreso-naturgas-scaled-e1776095913957.jpg\"},{\"@type\":\"BreadcrumbList\",\"@id\":\"https:\\\/\\\/congresonaturgas.com.co\\\/mapa\\\/#breadcrumb\",\"itemListElement\":[{\"@type\":\"ListItem\",\"position\":1,\"name\":\"Home\",\"item\":\"https:\\\/\\\/congresonaturgas.com.co\\\/\"},{\"@type\":\"ListItem\",\"position\":2,\"name\":\"Mapa\"}]},{\"@type\":\"WebSite\",\"@id\":\"https:\\\/\\\/congresonaturgas.com.co\\\/#website\",\"url\":\"https:\\\/\\\/congresonaturgas.com.co\\\/\",\"name\":\"congresonaturgas.com.co\",\"description\":\"\",\"publisher\":{\"@id\":\"https:\\\/\\\/congresonaturgas.com.co\\\/#organization\"},\"potentialAction\":[{\"@type\":\"SearchAction\",\"target\":{\"@type\":\"EntryPoint\",\"urlTemplate\":\"https:\\\/\\\/congresonaturgas.com.co\\\/?s={search_term_string}\"},\"query-input\":{\"@type\":\"PropertyValueSpecification\",\"valueRequired\":true,\"valueName\":\"search_term_string\"}}],\"inLanguage\":\"en-US\"},{\"@type\":\"Organization\",\"@id\":\"https:\\\/\\\/congresonaturgas.com.co\\\/#organization\",\"name\":\"congresonaturgas.com.co\",\"url\":\"https:\\\/\\\/congresonaturgas.com.co\\\/\",\"logo\":{\"@type\":\"ImageObject\",\"inLanguage\":\"en-US\",\"@id\":\"https:\\\/\\\/congresonaturgas.com.co\\\/#\\\/schema\\\/logo\\\/image\\\/\",\"url\":\"https:\\\/\\\/congresonaturgas.com.co\\\/wp-content\\\/uploads\\\/2026\\\/02\\\/Logo1CongresoNaturgas2026-scaled.png\",\"contentUrl\":\"https:\\\/\\\/congresonaturgas.com.co\\\/wp-content\\\/uploads\\\/2026\\\/02\\\/Logo1CongresoNaturgas2026-scaled.png\",\"width\":2560,\"height\":1856,\"caption\":\"congresonaturgas.com.co\"},\"image\":{\"@id\":\"https:\\\/\\\/congresonaturgas.com.co\\\/#\\\/schema\\\/logo\\\/image\\\/\"}}]}<\/script>\n<!-- \/ Yoast SEO plugin. -->","yoast_head_json":{"title":"Mapa - Congreso Naturgas 2026","robots":{"index":"index","follow":"follow","max-snippet":"max-snippet:-1","max-image-preview":"max-image-preview:large","max-video-preview":"max-video-preview:-1"},"canonical":"https:\/\/congresonaturgas.com.co\/en\/mapa\/","og_locale":"en_US","og_type":"article","og_title":"Mapa - Congreso Naturgas 2026","og_description":"Mapa del evento Este mapa es tu gu\u00eda para recorrer el Congreso Naturgas 2026 y ubicar f\u00e1cilmente cada espacio clave. Aqu\u00ed podr\u00e1s planear tu recorrido y conectar con las zonas donde suceden las conversaciones m\u00e1s relevantes del sector. Desde el sal\u00f3n acad\u00e9mico hasta las \u00e1reas de networking e innovaci\u00f3n, cada punto est\u00e1 dise\u00f1ado para facilitar [&hellip;]","og_url":"https:\/\/congresonaturgas.com.co\/en\/mapa\/","og_site_name":"Congreso Naturgas 2026","article_modified_time":"2026-04-14T15:15:43+00:00","og_image":[{"width":2450,"height":2146,"url":"https:\/\/congresonaturgas.com.co\/wp-content\/uploads\/2026\/04\/Mapa-Congreso-naturgas-scaled-e1776095913957.jpg","type":"image\/jpeg"}],"twitter_card":"summary_large_image","twitter_misc":{"Est. reading time":"1 minute"},"schema":{"@context":"https:\/\/schema.org","@graph":[{"@type":"WebPage","@id":"https:\/\/congresonaturgas.com.co\/mapa\/","url":"https:\/\/congresonaturgas.com.co\/mapa\/","name":"Mapa - Congreso Naturgas 2026","isPartOf":{"@id":"https:\/\/congresonaturgas.com.co\/#website"},"primaryImageOfPage":{"@id":"https:\/\/congresonaturgas.com.co\/mapa\/#primaryimage"},"image":{"@id":"https:\/\/congresonaturgas.com.co\/mapa\/#primaryimage"},"thumbnailUrl":"https:\/\/congresonaturgas.com.co\/wp-content\/uploads\/2026\/04\/Mapa-Congreso-naturgas-scaled-e1776095913957.jpg","datePublished":"2026-04-13T15:46:24+00:00","dateModified":"2026-04-14T15:15:43+00:00","breadcrumb":{"@id":"https:\/\/congresonaturgas.com.co\/mapa\/#breadcrumb"},"inLanguage":"en-US","potentialAction":[{"@type":"ReadAction","target":["https:\/\/congresonaturgas.com.co\/mapa\/"]}]},{"@type":"ImageObject","inLanguage":"en-US","@id":"https:\/\/congresonaturgas.com.co\/mapa\/#primaryimage","url":"https:\/\/congresonaturgas.com.co\/wp-content\/uploads\/2026\/04\/Mapa-Congreso-naturgas-scaled-e1776095913957.jpg","contentUrl":"https:\/\/congresonaturgas.com.co\/wp-content\/uploads\/2026\/04\/Mapa-Congreso-naturgas-scaled-e1776095913957.jpg"},{"@type":"BreadcrumbList","@id":"https:\/\/congresonaturgas.com.co\/mapa\/#breadcrumb","itemListElement":[{"@type":"ListItem","position":1,"name":"Home","item":"https:\/\/congresonaturgas.com.co\/"},{"@type":"ListItem","position":2,"name":"Mapa"}]},{"@type":"WebSite","@id":"https:\/\/congresonaturgas.com.co\/#website","url":"https:\/\/congresonaturgas.com.co\/","name":"congresonaturgas.com.co","description":"","publisher":{"@id":"https:\/\/congresonaturgas.com.co\/#organization"},"potentialAction":[{"@type":"SearchAction","target":{"@type":"EntryPoint","urlTemplate":"https:\/\/congresonaturgas.com.co\/?s={search_term_string}"},"query-input":{"@type":"PropertyValueSpecification","valueRequired":true,"valueName":"search_term_string"}}],"inLanguage":"en-US"},{"@type":"Organization","@id":"https:\/\/congresonaturgas.com.co\/#organization","name":"congresonaturgas.com.co","url":"https:\/\/congresonaturgas.com.co\/","logo":{"@type":"ImageObject","inLanguage":"en-US","@id":"https:\/\/congresonaturgas.com.co\/#\/schema\/logo\/image\/","url":"https:\/\/congresonaturgas.com.co\/wp-content\/uploads\/2026\/02\/Logo1CongresoNaturgas2026-scaled.png","contentUrl":"https:\/\/congresonaturgas.com.co\/wp-content\/uploads\/2026\/02\/Logo1CongresoNaturgas2026-scaled.png","width":2560,"height":1856,"caption":"congresonaturgas.com.co"},"image":{"@id":"https:\/\/congresonaturgas.com.co\/#\/schema\/logo\/image\/"}}]}},"_links":{"self":[{"href":"https:\/\/congresonaturgas.com.co\/en\/wp-json\/wp\/v2\/pages\/2432","targetHints":{"allow":["GET"]}}],"collection":[{"href":"https:\/\/congresonaturgas.com.co\/en\/wp-json\/wp\/v2\/pages"}],"about":[{"href":"https:\/\/congresonaturgas.com.co\/en\/wp-json\/wp\/v2\/types\/page"}],"author":[{"embeddable":true,"href":"https:\/\/congresonaturgas.com.co\/en\/wp-json\/wp\/v2\/users\/1"}],"replies":[{"embeddable":true,"href":"https:\/\/congresonaturgas.com.co\/en\/wp-json\/wp\/v2\/comments?post=2432"}],"version-history":[{"count":19,"href":"https:\/\/congresonaturgas.com.co\/en\/wp-json\/wp\/v2\/pages\/2432\/revisions"}],"predecessor-version":[{"id":2501,"href":"https:\/\/congresonaturgas.com.co\/en\/wp-json\/wp\/v2\/pages\/2432\/revisions\/2501"}],"wp:attachment":[{"href":"https:\/\/congresonaturgas.com.co\/en\/wp-json\/wp\/v2\/media?parent=2432"}],"curies":[{"name":"wp","href":"https:\/\/api.w.org\/{rel}","templated":true}]}}